{"id":342,"date":"2020-09-15T20:08:23","date_gmt":"2020-09-15T23:08:23","guid":{"rendered":"http:\/\/sociat.cl\/?page_id=342"},"modified":"2020-10-05T23:27:43","modified_gmt":"2020-10-06T02:27:43","slug":"nosotros","status":"publish","type":"page","link":"https:\/\/sociat.cl\/index.php\/nosotros\/","title":{"rendered":"Nosotros"},"content":{"rendered":"\t\t<div data-elementor-type=\"wp-page\" data-elementor-id=\"342\" class=\"elementor elementor-342\">\n\t\t\t\t\t\t<section class=\"elementor-section elementor-top-section elementor-element elementor-element-e3731db elementor-section-stretched elementor-section-full_width elementor-section-height-default elementor-section-height-default\" data-id=\"e3731db\" data-element_type=\"section\" data-e-type=\"section\" data-settings=\"{&quot;stretch_section&quot;:&quot;section-stretched&quot;}\">\n\t\t\t\t\t\t<div class=\"elementor-container elementor-column-gap-default\">\n\t\t\t\t\t<div class=\"elementor-column elementor-col-100 elementor-top-column elementor-element elementor-element-2d3257b\" data-id=\"2d3257b\" data-element_type=\"column\" data-e-type=\"column\">\n\t\t\t<div class=\"elementor-widget-wrap elementor-element-populated\">\n\t\t\t\t\t\t<div class=\"elementor-element elementor-element-b955747 elementor-widget elementor-widget-image\" data-id=\"b955747\" data-element_type=\"widget\" data-e-type=\"widget\" data-settings=\"{&quot;_animation_mobile&quot;:&quot;fadeIn&quot;}\" data-widget_type=\"image.default\">\n\t\t\t\t<div class=\"elementor-widget-container\">\n\t\t\t\t\t\t\t\t\t\t\t\t\t\t\t<img fetchpriority=\"high\" decoding=\"async\" width=\"1400\" height=\"357\" src=\"https:\/\/sociat.cl\/wp-content\/uploads\/2020\/10\/header_nosotros.jpg\" class=\"attachment-full size-full wp-image-499\" alt=\"\" srcset=\"https:\/\/sociat.cl\/wp-content\/uploads\/2020\/10\/header_nosotros.jpg 1400w, https:\/\/sociat.cl\/wp-content\/uploads\/2020\/10\/header_nosotros-300x77.jpg 300w, https:\/\/sociat.cl\/wp-content\/uploads\/2020\/10\/header_nosotros-1024x261.jpg 1024w, https:\/\/sociat.cl\/wp-content\/uploads\/2020\/10\/header_nosotros-768x196.jpg 768w\" sizes=\"(max-width: 1400px) 100vw, 1400px\" \/>\t\t\t\t\t\t\t\t\t\t\t\t\t\t\t<\/div>\n\t\t\t\t<\/div>\n\t\t\t\t\t<\/div>\n\t\t<\/div>\n\t\t\t\t\t<\/div>\n\t\t<\/section>\n\t\t\t\t<section class=\"elementor-section elementor-top-section elementor-element elementor-element-4847d01 elementor-section-boxed elementor-section-height-default elementor-section-height-default\" data-id=\"4847d01\" data-element_type=\"section\" data-e-type=\"section\">\n\t\t\t\t\t\t<div class=\"elementor-container elementor-column-gap-default\">\n\t\t\t\t\t<div class=\"elementor-column elementor-col-50 elementor-top-column elementor-element elementor-element-2341287\" data-id=\"2341287\" data-element_type=\"column\" data-e-type=\"column\">\n\t\t\t<div class=\"elementor-widget-wrap elementor-element-populated\">\n\t\t\t\t\t\t<div class=\"elementor-element elementor-element-1b7845f elementor-widget elementor-widget-heading\" data-id=\"1b7845f\" data-element_type=\"widget\" data-e-type=\"widget\" data-widget_type=\"heading.default\">\n\t\t\t\t<div class=\"elementor-widget-container\">\n\t\t\t\t\t<h2 class=\"elementor-heading-title elementor-size-default\">Visi\u00f3n<\/h2>\t\t\t\t<\/div>\n\t\t\t\t<\/div>\n\t\t\t\t<div class=\"elementor-element elementor-element-9f28088 elementor-widget elementor-widget-text-editor\" data-id=\"9f28088\" data-element_type=\"widget\" data-e-type=\"widget\" data-widget_type=\"text-editor.default\">\n\t\t\t\t<div class=\"elementor-widget-container\">\n\t\t\t\t\t\t\t\t\t<p>Ser empresa l\u00edder en el \u00e1rea integraci\u00f3n y fabricaci\u00f3n de equipos para procesos industriales en t\u00e9rminos de: productividad, actualizaci\u00f3n tecnolog\u00eda de equipos para fabricaci\u00f3n de piezas mec\u00e1nicas que mantengan e impulsen al desarrollo del sector industrial de la regi\u00f3n y del pa\u00eds, siendo apoyo tecnol\u00f3gico de nuestros clientes, garantizando el buen funcionamiento de sus procesos productivos.<\/p>\t\t\t\t\t\t\t\t<\/div>\n\t\t\t\t<\/div>\n\t\t\t\t\t<\/div>\n\t\t<\/div>\n\t\t\t\t<div class=\"elementor-column elementor-col-50 elementor-top-column elementor-element elementor-element-c01ffd5\" data-id=\"c01ffd5\" data-element_type=\"column\" data-e-type=\"column\">\n\t\t\t<div class=\"elementor-widget-wrap elementor-element-populated\">\n\t\t\t\t\t\t<div class=\"elementor-element elementor-element-51d4317 elementor-widget elementor-widget-heading\" data-id=\"51d4317\" data-element_type=\"widget\" data-e-type=\"widget\" data-widget_type=\"heading.default\">\n\t\t\t\t<div class=\"elementor-widget-container\">\n\t\t\t\t\t<h2 class=\"elementor-heading-title elementor-size-default\">Misi\u00f3n<\/h2>\t\t\t\t<\/div>\n\t\t\t\t<\/div>\n\t\t\t\t<div class=\"elementor-element elementor-element-6f653b8 elementor-widget elementor-widget-text-editor\" data-id=\"6f653b8\" data-element_type=\"widget\" data-e-type=\"widget\" data-widget_type=\"text-editor.default\">\n\t\t\t\t<div class=\"elementor-widget-container\">\n\t\t\t\t\t\t\t\t\t<p>Desde nuestros inicios nuestra misi\u00f3n ha sido la de realizar integraci\u00f3n de sistemas de proceso industrial de optima calidad y precisi\u00f3n para la Industria en general. Usando para ello las mejoras continuas en materias primas, herramientas y equipos: as\u00ed como tambi\u00e9n intercambiar y aportar nuestros conocimientos profesionales y t\u00e9cnicos a fin de garantizar los mejores resultados en el desarrollo de cada actividad; solucionando de esta manera, a nuestros clientes sus requerimientos y necesidades de una manera eficaz.<\/p>\t\t\t\t\t\t\t\t<\/div>\n\t\t\t\t<\/div>\n\t\t\t\t\t<\/div>\n\t\t<\/div>\n\t\t\t\t\t<\/div>\n\t\t<\/section>\n\t\t\t\t<\/div>\n\t\t","protected":false},"excerpt":{"rendered":"<p>Visi\u00f3n Ser empresa l\u00edder en el \u00e1rea integraci\u00f3n y fabricaci\u00f3n de equipos para procesos industriales en t\u00e9rminos de: productividad, actualizaci\u00f3n tecnolog\u00eda de equipos para fabricaci\u00f3n de piezas mec\u00e1nicas que mantengan e impulsen al desarrollo del sector industrial de la regi\u00f3n y del pa\u00eds, siendo apoyo tecnol\u00f3gico de nuestros clientes, garantizando el buen funcionamiento de sus procesos productivos. Misi\u00f3n Desde nuestros&#8230;<\/p>\n","protected":false},"author":2,"featured_media":0,"parent":0,"menu_order":0,"comment_status":"closed","ping_status":"closed","template":"elementor_header_footer","meta":{"footnotes":""},"class_list":["post-342","page","type-page","status-publish","hentry"],"_links":{"self":[{"href":"https:\/\/sociat.cl\/index.php\/wp-json\/wp\/v2\/pages\/342","targetHints":{"allow":["GET"]}}],"collection":[{"href":"https:\/\/sociat.cl\/index.php\/wp-json\/wp\/v2\/pages"}],"about":[{"href":"https:\/\/sociat.cl\/index.php\/wp-json\/wp\/v2\/types\/page"}],"author":[{"embeddable":true,"href":"https:\/\/sociat.cl\/index.php\/wp-json\/wp\/v2\/users\/2"}],"replies":[{"embeddable":true,"href":"https:\/\/sociat.cl\/index.php\/wp-json\/wp\/v2\/comments?post=342"}],"version-history":[{"count":31,"href":"https:\/\/sociat.cl\/index.php\/wp-json\/wp\/v2\/pages\/342\/revisions"}],"predecessor-version":[{"id":658,"href":"https:\/\/sociat.cl\/index.php\/wp-json\/wp\/v2\/pages\/342\/revisions\/658"}],"wp:attachment":[{"href":"https:\/\/sociat.cl\/index.php\/wp-json\/wp\/v2\/media?parent=342"}],"curies":[{"name":"wp","href":"https:\/\/api.w.org\/{rel}","templated":true}]}}